{"id":14,"date":"2023-06-22T19:24:59","date_gmt":"2023-06-22T17:24:59","guid":{"rendered":"https:\/\/pilisikocos.hu\/?page_id=14"},"modified":"2025-12-28T13:54:19","modified_gmt":"2025-12-28T12:54:19","slug":"kapcsolat-pilisi-kocos-pumi","status":"publish","type":"page","link":"https:\/\/pilisikocos.hu\/en\/kapcsolat-pilisi-kocos-pumi\/","title":{"rendered":"Contact"},"content":{"rendered":"\t\t<div data-elementor-type=\"wp-page\" data-elementor-id=\"14\" class=\"elementor elementor-14\" data-elementor-post-type=\"page\">\n\t\t\t\t\t\t<section class=\"elementor-section elementor-top-section elementor-element elementor-element-d698bc2 elementor-section-content-middle elementor-section-boxed elementor-section-height-default elementor-section-height-default\" data-id=\"d698bc2\" data-element_type=\"section\" data-e-type=\"section\" data-settings=\"{&quot;background_background&quot;:&quot;classic&quot;,&quot;shape_divider_top&quot;:&quot;pyramids&quot;,&quot;shape_divider_bottom&quot;:&quot;waves&quot;}\">\n\t\t\t\t\t<div class=\"elementor-shape elementor-shape-top\" aria-hidden=\"true\" data-negative=\"false\">\n\t\t\t<svg xmlns=\"http:\/\/www.w3.org\/2000\/svg\" viewBox=\"0 0 1000 100\" preserveAspectRatio=\"none\">\n\t<path class=\"elementor-shape-fill\" d=\"M761.9,44.1L643.1,27.2L333.8,98L0,3.8V0l1000,0v3.9\"\/>\n<\/svg>\t\t<\/div>\n\t\t\t\t<div class=\"elementor-shape elementor-shape-bottom\" aria-hidden=\"true\" data-negative=\"false\">\n\t\t\t<svg xmlns=\"http:\/\/www.w3.org\/2000\/svg\" viewBox=\"0 0 1000 100\" preserveAspectRatio=\"none\">\n\t<path class=\"elementor-shape-fill\" d=\"M421.9,6.5c22.6-2.5,51.5,0.4,75.5,5.3c23.6,4.9,70.9,23.5,100.5,35.7c75.8,32.2,133.7,44.5,192.6,49.7\n\tc23.6,2.1,48.7,3.5,103.4-2.5c54.7-6,106.2-25.6,106.2-25.6V0H0v30.3c0,0,72,32.6,158.4,30.5c39.2-0.7,92.8-6.7,134-22.4\n\tc21.2-8.1,52.2-18.2,79.7-24.2C399.3,7.9,411.6,7.5,421.9,6.5z\"\/>\n<\/svg>\t\t<\/div>\n\t\t\t\t\t<div class=\"elementor-container elementor-column-gap-default\">\n\t\t\t\t\t<div class=\"elementor-column elementor-col-50 elementor-top-column elementor-element elementor-element-97537f9\" data-id=\"97537f9\" data-element_type=\"column\" data-e-type=\"column\">\n\t\t\t<div class=\"elementor-widget-wrap elementor-element-populated\">\n\t\t\t\t\t\t<div class=\"elementor-element elementor-element-6f19405 elementor-widget elementor-widget-heading\" data-id=\"6f19405\" data-element_type=\"widget\" data-e-type=\"widget\" data-widget_type=\"heading.default\">\n\t\t\t\t<div class=\"elementor-widget-container\">\n\t\t\t\t\t<h2 class=\"elementor-heading-title elementor-size-default\">Kapcsolat<\/h2>\t\t\t\t<\/div>\n\t\t\t\t<\/div>\n\t\t\t\t<div class=\"elementor-element elementor-element-ebf8e62 elementor-widget elementor-widget-text-editor\" data-id=\"ebf8e62\" data-element_type=\"widget\" data-e-type=\"widget\" data-widget_type=\"text-editor.default\">\n\t\t\t\t<div class=\"elementor-widget-container\">\n\t\t\t\t\t\t\t\t\t<p>Ha valamire nem tal\u00e1lsz v\u00e1laszt honlapomon, k\u00e9rlek \u00edrj, k\u00e9rdezz b\u00e1tran!<\/p>\t\t\t\t\t\t\t\t<\/div>\n\t\t\t\t<\/div>\n\t\t\t\t<div class=\"elementor-element elementor-element-ac51aa8 elementor-button-align-start elementor-widget elementor-widget-form\" data-id=\"ac51aa8\" data-element_type=\"widget\" data-e-type=\"widget\" data-settings=\"{&quot;step_next_label&quot;:&quot;K\\u00f6vetkez\\u0151&quot;,&quot;step_previous_label&quot;:&quot;El\\u0151z\\u0151&quot;,&quot;button_width&quot;:&quot;100&quot;,&quot;step_type&quot;:&quot;number_text&quot;,&quot;step_icon_shape&quot;:&quot;circle&quot;}\" data-widget_type=\"form.default\">\n\t\t\t\t<div class=\"elementor-widget-container\">\n\t\t\t\t\t\t\t<form class=\"elementor-form\" method=\"post\" name=\"Kapcsolat\" aria-label=\"Kapcsolat\">\n\t\t\t<input type=\"hidden\" name=\"post_id\" value=\"14\"\/>\n\t\t\t<input type=\"hidden\" name=\"form_id\" value=\"ac51aa8\"\/>\n\t\t\t<input type=\"hidden\" name=\"referer_title\" value=\"Kapcsolat - pilisikocos pumik\" \/>\n\n\t\t\t\t\t\t\t<input type=\"hidden\" name=\"queried_id\" value=\"14\"\/>\n\t\t\t\n\t\t\t<div class=\"elementor-form-fields-wrapper elementor-labels-above\">\n\t\t\t\t\t\t\t\t<div class=\"elementor-field-type-text elementor-field-group elementor-column elementor-field-group-name elementor-col-50 elementor-field-required elementor-mark-required\">\n\t\t\t\t\t\t\t\t\t\t\t\t<label for=\"form-field-name\" class=\"elementor-field-label\">\n\t\t\t\t\t\t\t\tVezet\u00e9kn\u00e9v \t\t\t\t\t\t\t<\/label>\n\t\t\t\t\t\t\t\t\t\t\t\t\t\t<input size=\"1\" type=\"text\" name=\"form_fields[name]\" id=\"form-field-name\" class=\"elementor-field elementor-size-sm  elementor-field-textual\" placeholder=\"Vezet\u00e9kn\u00e9v \" required=\"required\">\n\t\t\t\t\t\t\t\t\t\t\t<\/div>\n\t\t\t\t\t\t\t\t<div class=\"elementor-field-type-text elementor-field-group elementor-column elementor-field-group-field_0c460de elementor-col-50 elementor-field-required elementor-mark-required\">\n\t\t\t\t\t\t\t\t\t\t\t\t<label for=\"form-field-field_0c460de\" class=\"elementor-field-label\">\n\t\t\t\t\t\t\t\tKeresztn\u00e9v \t\t\t\t\t\t\t<\/label>\n\t\t\t\t\t\t\t\t\t\t\t\t\t\t<input size=\"1\" type=\"text\" name=\"form_fields[field_0c460de]\" id=\"form-field-field_0c460de\" class=\"elementor-field elementor-size-sm  elementor-field-textual\" placeholder=\"Keresztn\u00e9v \" required=\"required\">\n\t\t\t\t\t\t\t\t\t\t\t<\/div>\n\t\t\t\t\t\t\t\t<div class=\"elementor-field-type-email elementor-field-group elementor-column elementor-field-group-email elementor-col-50 elementor-field-required elementor-mark-required\">\n\t\t\t\t\t\t\t\t\t\t\t\t<label for=\"form-field-email\" class=\"elementor-field-label\">\n\t\t\t\t\t\t\t\tE-mail c\u00edm\t\t\t\t\t\t\t<\/label>\n\t\t\t\t\t\t\t\t\t\t\t\t\t\t<input size=\"1\" type=\"email\" name=\"form_fields[email]\" id=\"form-field-email\" class=\"elementor-field elementor-size-sm  elementor-field-textual\" placeholder=\"E-mail c\u00edm\" required=\"required\">\n\t\t\t\t\t\t\t\t\t\t\t<\/div>\n\t\t\t\t\t\t\t\t<div class=\"elementor-field-type-tel elementor-field-group elementor-column elementor-field-group-field_e501a70 elementor-col-50\">\n\t\t\t\t\t\t\t\t\t\t\t\t<label for=\"form-field-field_e501a70\" class=\"elementor-field-label\">\n\t\t\t\t\t\t\t\tTelefonsz\u00e1m\t\t\t\t\t\t\t<\/label>\n\t\t\t\t\t\t\t\t<input size=\"1\" type=\"tel\" name=\"form_fields[field_e501a70]\" id=\"form-field-field_e501a70\" class=\"elementor-field elementor-size-sm  elementor-field-textual\" placeholder=\"Telefonsz\u00e1m\" pattern=\"[0-9()#&amp;+*-=.]+\" title=\"Only numbers and phone characters (#, -, *, etc) are accepted.\">\n\n\t\t\t\t\t\t<\/div>\n\t\t\t\t\t\t\t\t<div class=\"elementor-field-type-textarea elementor-field-group elementor-column elementor-field-group-message elementor-col-100\">\n\t\t\t\t\t\t\t\t\t\t\t\t<label for=\"form-field-message\" class=\"elementor-field-label\">\n\t\t\t\t\t\t\t\t\u00dczenet\t\t\t\t\t\t\t<\/label>\n\t\t\t\t\t\t<textarea class=\"elementor-field-textual elementor-field  elementor-size-sm\" name=\"form_fields[message]\" id=\"form-field-message\" rows=\"4\" placeholder=\"\u00dczenet\"><\/textarea>\t\t\t\t<\/div>\n\t\t\t\t\t\t\t\t<div class=\"elementor-field-type-acceptance elementor-field-group elementor-column elementor-field-group-gdpr elementor-col-100\">\n\t\t\t\t\t\t\t<div class=\"elementor-field-subgroup\">\n\t\t\t<span class=\"elementor-field-option\">\n\t\t\t\t<input type=\"checkbox\" name=\"form_fields[gdpr]\" id=\"form-field-gdpr\" class=\"elementor-field elementor-size-sm  elementor-acceptance-field\">\n\t\t\t\t<label for=\"form-field-gdpr\">Elolvastam \u00e9s elfogadom az <a href=\"\/adatvedelmi-tajekoztato\/\" target=\"_blank\">adatv\u00e9delmi t\u00e1j\u00e9koztat\u00f3t<\/a>.<\/label>\t\t\t<\/span>\n\t\t<\/div>\n\t\t\t\t\t\t<\/div>\n\t\t\t\t\t\t\t\t<div class=\"elementor-field-group elementor-column elementor-field-type-submit elementor-col-100 e-form__buttons\">\n\t\t\t\t\t<button class=\"elementor-button elementor-size-sm\" type=\"submit\">\n\t\t\t\t\t\t<span class=\"elementor-button-content-wrapper\">\n\t\t\t\t\t\t\t\t\t\t\t\t\t\t\t\t\t\t\t\t\t\t<span class=\"elementor-button-text\">K\u00fcld\u00e9s<\/span>\n\t\t\t\t\t\t\t\t\t\t\t\t\t<\/span>\n\t\t\t\t\t<\/button>\n\t\t\t\t<\/div>\n\t\t\t<\/div>\n\t\t<\/form>\n\t\t\t\t\t\t<\/div>\n\t\t\t\t<\/div>\n\t\t\t\t\t<\/div>\n\t\t<\/div>\n\t\t\t\t<div class=\"elementor-column elementor-col-50 elementor-top-column elementor-element elementor-element-ee18b0a\" data-id=\"ee18b0a\" data-element_type=\"column\" data-e-type=\"column\">\n\t\t\t<div class=\"elementor-widget-wrap elementor-element-populated\">\n\t\t\t\t\t\t<div class=\"elementor-element elementor-element-e805eb5 elementor-widget elementor-widget-image\" data-id=\"e805eb5\" data-element_type=\"widget\" data-e-type=\"widget\" data-widget_type=\"image.default\">\n\t\t\t\t<div class=\"elementor-widget-container\">\n\t\t\t\t\t\t\t\t\t\t\t\t\t\t\t<img fetchpriority=\"high\" decoding=\"async\" width=\"800\" height=\"584\" src=\"https:\/\/pilisikocos.hu\/wp-content\/uploads\/2024\/01\/Puszi1-1.jpg\" class=\"attachment-large size-large wp-image-417\" alt=\"PilisiKocos Puszcsi\" srcset=\"https:\/\/pilisikocos.hu\/wp-content\/uploads\/2024\/01\/Puszi1-1.jpg 1024w, https:\/\/pilisikocos.hu\/wp-content\/uploads\/2024\/01\/Puszi1-1-700x511.jpg 700w, https:\/\/pilisikocos.hu\/wp-content\/uploads\/2024\/01\/Puszi1-1-768x561.jpg 768w\" sizes=\"(max-width: 800px) 100vw, 800px\" \/>\t\t\t\t\t\t\t\t\t\t\t\t\t\t\t<\/div>\n\t\t\t\t<\/div>\n\t\t\t\t\t<\/div>\n\t\t<\/div>\n\t\t\t\t\t<\/div>\n\t\t<\/section>\n\t\t\t\t<\/div>\n\t\t","protected":false},"excerpt":{"rendered":"<p>Kapcsolat Ha valamire nem tal\u00e1lsz v\u00e1laszt honlapomon, k\u00e9rlek \u00edrj, k\u00e9rdezz b\u00e1tran!<\/p>","protected":false},"author":1,"featured_media":0,"parent":0,"menu_order":0,"comment_status":"closed","ping_status":"closed","template":"","meta":{"footnotes":""},"class_list":["post-14","page","type-page","status-publish","hentry"],"yoast_head":"<!-- This site is optimized with the Yoast SEO plugin v27.0 - https:\/\/yoast.com\/product\/yoast-seo-wordpress\/ -->\n<title>Kapcsolat - pilisikocos pumik<\/title>\n<meta name=\"description\" content=\"L\u00e9pj vel\u00fcnk kapcsolatba! Ha k\u00e9rd\u00e9sed van a fajt\u00e1val vagy kennel\u00fcnkkel kapcsolatban, vagy szeretn\u00e9l egy kiskuty\u00e1t!\" \/>\n<meta name=\"robots\" content=\"index, follow, max-snippet:-1, max-image-preview:large, max-video-preview:-1\" \/>\n<link rel=\"canonical\" href=\"https:\/\/pilisikocos.hu\/en\/kapcsolat-pilisi-kocos-pumi\/\" \/>\n<meta property=\"og:locale\" content=\"en_GB\" \/>\n<meta property=\"og:type\" content=\"article\" \/>\n<meta property=\"og:title\" content=\"Kapcsolat - pilisikocos pumik\" \/>\n<meta property=\"og:description\" content=\"L\u00e9pj vel\u00fcnk kapcsolatba! Ha k\u00e9rd\u00e9sed van a fajt\u00e1val vagy kennel\u00fcnkkel kapcsolatban, vagy szeretn\u00e9l egy kiskuty\u00e1t!\" \/>\n<meta property=\"og:url\" content=\"https:\/\/pilisikocos.hu\/en\/kapcsolat-pilisi-kocos-pumi\/\" \/>\n<meta property=\"og:site_name\" content=\"pilisikocos pumik\" \/>\n<meta property=\"article:publisher\" content=\"https:\/\/www.facebook.com\/profile.php?id=61553709493177\" \/>\n<meta property=\"article:modified_time\" content=\"2025-12-28T12:54:19+00:00\" \/>\n<meta property=\"og:image\" content=\"https:\/\/pilisikocos.hu\/wp-content\/uploads\/2024\/01\/Puszi1-1.jpg\" \/>\n\t<meta property=\"og:image:width\" content=\"1024\" \/>\n\t<meta property=\"og:image:height\" content=\"748\" \/>\n\t<meta property=\"og:image:type\" content=\"image\/jpeg\" \/>\n<meta name=\"twitter:card\" content=\"summary_large_image\" \/>\n<meta name=\"twitter:label1\" content=\"Estimated reading time\" \/>\n\t<meta name=\"twitter:data1\" content=\"1 minute\" \/>\n<script type=\"application\/ld+json\" class=\"yoast-schema-graph\">{\"@context\":\"https:\/\/schema.org\",\"@graph\":[{\"@type\":\"WebPage\",\"@id\":\"https:\/\/pilisikocos.hu\/kapcsolat-pilisi-kocos-pumi\/\",\"url\":\"https:\/\/pilisikocos.hu\/kapcsolat-pilisi-kocos-pumi\/\",\"name\":\"Kapcsolat - pilisikocos pumik\",\"isPartOf\":{\"@id\":\"https:\/\/pilisikocos.hu\/#website\"},\"primaryImageOfPage\":{\"@id\":\"https:\/\/pilisikocos.hu\/kapcsolat-pilisi-kocos-pumi\/#primaryimage\"},\"image\":{\"@id\":\"https:\/\/pilisikocos.hu\/kapcsolat-pilisi-kocos-pumi\/#primaryimage\"},\"thumbnailUrl\":\"https:\/\/pilisikocos.hu\/wp-content\/uploads\/2024\/01\/Puszi1-1.jpg\",\"datePublished\":\"2023-06-22T17:24:59+00:00\",\"dateModified\":\"2025-12-28T12:54:19+00:00\",\"description\":\"L\u00e9pj vel\u00fcnk kapcsolatba! Ha k\u00e9rd\u00e9sed van a fajt\u00e1val vagy kennel\u00fcnkkel kapcsolatban, vagy szeretn\u00e9l egy kiskuty\u00e1t!\",\"breadcrumb\":{\"@id\":\"https:\/\/pilisikocos.hu\/kapcsolat-pilisi-kocos-pumi\/#breadcrumb\"},\"inLanguage\":\"en-GB\",\"potentialAction\":[{\"@type\":\"ReadAction\",\"target\":[\"https:\/\/pilisikocos.hu\/kapcsolat-pilisi-kocos-pumi\/\"]}]},{\"@type\":\"ImageObject\",\"inLanguage\":\"en-GB\",\"@id\":\"https:\/\/pilisikocos.hu\/kapcsolat-pilisi-kocos-pumi\/#primaryimage\",\"url\":\"https:\/\/pilisikocos.hu\/wp-content\/uploads\/2024\/01\/Puszi1-1.jpg\",\"contentUrl\":\"https:\/\/pilisikocos.hu\/wp-content\/uploads\/2024\/01\/Puszi1-1.jpg\"},{\"@type\":\"BreadcrumbList\",\"@id\":\"https:\/\/pilisikocos.hu\/kapcsolat-pilisi-kocos-pumi\/#breadcrumb\",\"itemListElement\":[{\"@type\":\"ListItem\",\"position\":1,\"name\":\"Kezd\u0151lap\",\"item\":\"https:\/\/pilisikocos.hu\/\"},{\"@type\":\"ListItem\",\"position\":2,\"name\":\"Kapcsolat\"}]},{\"@type\":\"WebSite\",\"@id\":\"https:\/\/pilisikocos.hu\/#website\",\"url\":\"https:\/\/pilisikocos.hu\/\",\"name\":\"pilisikocos pumik\",\"description\":\"Pilisi-K\u00f3cos Pumi Kennel\",\"publisher\":{\"@id\":\"https:\/\/pilisikocos.hu\/#organization\"},\"potentialAction\":[{\"@type\":\"SearchAction\",\"target\":{\"@type\":\"EntryPoint\",\"urlTemplate\":\"https:\/\/pilisikocos.hu\/?s={search_term_string}\"},\"query-input\":{\"@type\":\"PropertyValueSpecification\",\"valueRequired\":true,\"valueName\":\"search_term_string\"}}],\"inLanguage\":\"en-GB\"},{\"@type\":\"Organization\",\"@id\":\"https:\/\/pilisikocos.hu\/#organization\",\"name\":\"pilisikocos pumik\",\"url\":\"https:\/\/pilisikocos.hu\/\",\"logo\":{\"@type\":\"ImageObject\",\"inLanguage\":\"en-GB\",\"@id\":\"https:\/\/pilisikocos.hu\/#\/schema\/logo\/image\/\",\"url\":\"https:\/\/pilisikocos.hu\/wp-content\/uploads\/2023\/06\/logo_black2.png\",\"contentUrl\":\"https:\/\/pilisikocos.hu\/wp-content\/uploads\/2023\/06\/logo_black2.png\",\"width\":350,\"height\":229,\"caption\":\"pilisikocos pumik\"},\"image\":{\"@id\":\"https:\/\/pilisikocos.hu\/#\/schema\/logo\/image\/\"},\"sameAs\":[\"https:\/\/www.facebook.com\/profile.php?id=61553709493177\",\"https:\/\/www.instagram.com\/pilisi_kocos_pumi_kennel\/\"]}]}<\/script>\n<!-- \/ Yoast SEO plugin. -->","yoast_head_json":{"title":"Contact-pilisikocos pumik","description":"Contact us! If you have questions about the breed or our kennel, or you want a puppy!","robots":{"index":"index","follow":"follow","max-snippet":"max-snippet:-1","max-image-preview":"max-image-preview:large","max-video-preview":"max-video-preview:-1"},"canonical":"https:\/\/pilisikocos.hu\/en\/kapcsolat-pilisi-kocos-pumi\/","og_locale":"en_GB","og_type":"article","og_title":"Kapcsolat - pilisikocos pumik","og_description":"L\u00e9pj vel\u00fcnk kapcsolatba! Ha k\u00e9rd\u00e9sed van a fajt\u00e1val vagy kennel\u00fcnkkel kapcsolatban, vagy szeretn\u00e9l egy kiskuty\u00e1t!","og_url":"https:\/\/pilisikocos.hu\/en\/kapcsolat-pilisi-kocos-pumi\/","og_site_name":"pilisikocos pumik","article_publisher":"https:\/\/www.facebook.com\/profile.php?id=61553709493177","article_modified_time":"2025-12-28T12:54:19+00:00","og_image":[{"width":1024,"height":748,"url":"https:\/\/pilisikocos.hu\/wp-content\/uploads\/2024\/01\/Puszi1-1.jpg","type":"image\/jpeg"}],"twitter_card":"summary_large_image","twitter_misc":{"Estimated reading time":"1 minute"},"schema":{"@context":"https:\/\/schema.org","@graph":[{"@type":"WebPage","@id":"https:\/\/pilisikocos.hu\/kapcsolat-pilisi-kocos-pumi\/","url":"https:\/\/pilisikocos.hu\/kapcsolat-pilisi-kocos-pumi\/","name":"Contact-pilisikocos pumik","isPartOf":{"@id":"https:\/\/pilisikocos.hu\/#website"},"primaryImageOfPage":{"@id":"https:\/\/pilisikocos.hu\/kapcsolat-pilisi-kocos-pumi\/#primaryimage"},"image":{"@id":"https:\/\/pilisikocos.hu\/kapcsolat-pilisi-kocos-pumi\/#primaryimage"},"thumbnailUrl":"https:\/\/pilisikocos.hu\/wp-content\/uploads\/2024\/01\/Puszi1-1.jpg","datePublished":"2023-06-22T17:24:59+00:00","dateModified":"2025-12-28T12:54:19+00:00","description":"Contact us! If you have questions about the breed or our kennel, or you want a puppy!","breadcrumb":{"@id":"https:\/\/pilisikocos.hu\/kapcsolat-pilisi-kocos-pumi\/#breadcrumb"},"inLanguage":"en-GB","potentialAction":[{"@type":"ReadAction","target":["https:\/\/pilisikocos.hu\/kapcsolat-pilisi-kocos-pumi\/"]}]},{"@type":"ImageObject","inLanguage":"en-GB","@id":"https:\/\/pilisikocos.hu\/kapcsolat-pilisi-kocos-pumi\/#primaryimage","url":"https:\/\/pilisikocos.hu\/wp-content\/uploads\/2024\/01\/Puszi1-1.jpg","contentUrl":"https:\/\/pilisikocos.hu\/wp-content\/uploads\/2024\/01\/Puszi1-1.jpg"},{"@type":"BreadcrumbList","@id":"https:\/\/pilisikocos.hu\/kapcsolat-pilisi-kocos-pumi\/#breadcrumb","itemListElement":[{"@type":"ListItem","position":1,"name":"Kezd\u0151lap","item":"https:\/\/pilisikocos.hu\/"},{"@type":"ListItem","position":2,"name":"Kapcsolat"}]},{"@type":"WebSite","@id":"https:\/\/pilisikocos.hu\/#website","url":"https:\/\/pilisikocos.hu\/","name":"pilisikocos pumik","description":"Pilisi-K\u00f3cos Pumi Kennel","publisher":{"@id":"https:\/\/pilisikocos.hu\/#organization"},"potentialAction":[{"@type":"SearchAction","target":{"@type":"EntryPoint","urlTemplate":"https:\/\/pilisikocos.hu\/?s={search_term_string}"},"query-input":{"@type":"PropertyValueSpecification","valueRequired":true,"valueName":"search_term_string"}}],"inLanguage":"en-GB"},{"@type":"Organization","@id":"https:\/\/pilisikocos.hu\/#organization","name":"pilisikocos pumik","url":"https:\/\/pilisikocos.hu\/","logo":{"@type":"ImageObject","inLanguage":"en-GB","@id":"https:\/\/pilisikocos.hu\/#\/schema\/logo\/image\/","url":"https:\/\/pilisikocos.hu\/wp-content\/uploads\/2023\/06\/logo_black2.png","contentUrl":"https:\/\/pilisikocos.hu\/wp-content\/uploads\/2023\/06\/logo_black2.png","width":350,"height":229,"caption":"pilisikocos pumik"},"image":{"@id":"https:\/\/pilisikocos.hu\/#\/schema\/logo\/image\/"},"sameAs":["https:\/\/www.facebook.com\/profile.php?id=61553709493177","https:\/\/www.instagram.com\/pilisi_kocos_pumi_kennel\/"]}]}},"_links":{"self":[{"href":"https:\/\/pilisikocos.hu\/en\/wp-json\/wp\/v2\/pages\/14","targetHints":{"allow":["GET"]}}],"collection":[{"href":"https:\/\/pilisikocos.hu\/en\/wp-json\/wp\/v2\/pages"}],"about":[{"href":"https:\/\/pilisikocos.hu\/en\/wp-json\/wp\/v2\/types\/page"}],"author":[{"embeddable":true,"href":"https:\/\/pilisikocos.hu\/en\/wp-json\/wp\/v2\/users\/1"}],"replies":[{"embeddable":true,"href":"https:\/\/pilisikocos.hu\/en\/wp-json\/wp\/v2\/comments?post=14"}],"version-history":[{"count":16,"href":"https:\/\/pilisikocos.hu\/en\/wp-json\/wp\/v2\/pages\/14\/revisions"}],"predecessor-version":[{"id":1112,"href":"https:\/\/pilisikocos.hu\/en\/wp-json\/wp\/v2\/pages\/14\/revisions\/1112"}],"wp:attachment":[{"href":"https:\/\/pilisikocos.hu\/en\/wp-json\/wp\/v2\/media?parent=14"}],"curies":[{"name":"wp","href":"https:\/\/api.w.org\/{rel}","templated":true}]}}